{"id":512,"date":"2025-10-22T10:10:53","date_gmt":"2025-10-22T10:10:53","guid":{"rendered":"https:\/\/witchen.art\/?page_id=512"},"modified":"2026-01-07T09:38:56","modified_gmt":"2026-01-07T09:38:56","slug":"zespol","status":"publish","type":"page","link":"https:\/\/witchen.art\/en\/zespol\/","title":{"rendered":"Band"},"content":{"rendered":"<div data-elementor-type=\"wp-page\" data-elementor-id=\"512\" class=\"elementor elementor-512\">\n\t\t\t\t<div class=\"elementor-element elementor-element-161e2666 e-flex e-con-boxed e-con e-parent\" data-id=\"161e2666\" data-element_type=\"container\" data-e-type=\"container\">\n\t\t\t\t\t<div class=\"e-con-inner\">\n\t\t\t\t<div class=\"elementor-element elementor-element-2b540d9c animated-slow elementor-invisible elementor-widget elementor-widget-text-editor\" data-id=\"2b540d9c\" data-element_type=\"widget\" data-e-type=\"widget\" data-settings=\"{&quot;_animation&quot;:&quot;rotateIn&quot;}\" data-widget_type=\"text-editor.default\">\n\t\t\t\t<div class=\"elementor-widget-container\">\n\t\t\t\t\t\t\t\t\t<p>\u00a0<\/p>\n<p>\u00a0<\/p>\n<h2 class=\"wp-block-heading has-text-align-center\" style=\"text-align: center;\"><img decoding=\"async\" class=\"alignnone size-medium wp-image-590\" src=\"http:\/\/witchen.art\/wp-content\/uploads\/2025\/10\/witchen_logo_ksiezyc-removebg-300x105.png\" alt=\"\" width=\"300\" height=\"105\" srcset=\"https:\/\/witchen.art\/wp-content\/uploads\/2025\/10\/witchen_logo_ksiezyc-removebg-300x105.png 300w, https:\/\/witchen.art\/wp-content\/uploads\/2025\/10\/witchen_logo_ksiezyc-removebg-1024x358.png 1024w, https:\/\/witchen.art\/wp-content\/uploads\/2025\/10\/witchen_logo_ksiezyc-removebg-768x268.png 768w, https:\/\/witchen.art\/wp-content\/uploads\/2025\/10\/witchen_logo_ksiezyc-removebg-18x6.png 18w, https:\/\/witchen.art\/wp-content\/uploads\/2025\/10\/witchen_logo_ksiezyc-removebg.png 1185w\" sizes=\"(max-width: 300px) 100vw, 300px\" \/><\/h2>\n<p style=\"text-align: center;\">\u00a0<\/p>\n<p><!-- \/wp:heading --><!-- wp:paragraph {\"align\":\"center\",\"fontSize\":\"small\"} --><\/p>\n<p style=\"text-align: center;\"><span style=\"color: #ffffff;\">Vocals: Matylda Andrukajtis\u00a0<\/span><\/p>\n<p style=\"text-align: center;\"><span style=\"color: #ffffff;\">Lead guitar: Jacek Paw\u0142owski\u00a0<\/span><\/p>\n<p style=\"text-align: center;\"><span style=\"color: #ffffff;\">Rhythm guitar: Tadeusz Dajnowicz\u00a0<\/span><\/p>\n<p style=\"text-align: center;\"><span style=\"color: #ffffff;\">Bass: Przemys\u0142aw Cettler\u00a0<\/span><\/p>\n<p style=\"text-align: center;\"><span style=\"color: #ffffff;\">Synth: Izabela Paw\u0142owska\u00a0<\/span><\/p>\n<p style=\"text-align: center;\"><span style=\"color: #ffffff;\">Drums: Mateusz Janowicz<\/span><\/p>\n<p style=\"text-align: center;\"><span style=\"color: #ffffff;\">Symphonic timpani &amp; percussion + disturbing backing vocals: Remigiusz Noco\u0144<\/span><\/p>\n<p style=\"text-align: center;\"><span style=\"color: #ffffff;\">\u00a0<\/span><\/p>\n<p><!-- \/wp:paragraph --><!-- wp:paragraph {\"align\":\"center\",\"fontSize\":\"medium\"} --><\/p>\n<p>\u00a0<\/p>\n<p style=\"text-align: center;\"><span style=\"color: #ffffff;\">More info soon<\/span><\/p>\n<p>\u00a0<\/p>\n<p>\u00a0<\/p>\n<p style=\"text-align: center;\"><span style=\"color: #ffffff;\">Powered by\u00a0<strong>\u00a9<\/strong>Witchen A.D.\u00a0<strong>MMXXVI<\/strong>\u00a0\u2013 All Rights Reserved.<\/span><\/p>\n<p><!-- \/wp:paragraph --><!-- wp:image {\"id\":517,\"sizeSlug\":\"large\",\"linkDestination\":\"none\",\"align\":\"center\"} --><!-- \/wp:image --><!-- wp:paragraph --><\/p>\n<p><!-- \/wp:paragraph --><\/p>\t\t\t\t\t\t\t\t<\/div>\n\t\t\t\t<\/div>\n\t\t\t\t\t<\/div>\n\t\t\t\t<\/div>\n\t\t\t\t<\/div>","protected":false},"excerpt":{"rendered":"<p>\u00a0 \u00a0 \u00a0 Wokal: Matylda Andrukajtis\u00a0 Gitara prowadz\u0105ca: Jacek Paw\u0142owski\u00a0 Gitara rytmiczna: Tadeusz Dajnowicz\u00a0 Gitara basowa: Przemys\u0142aw Cettler\u00a0 Klawisze: Izabela Paw\u0142owska\u00a0 Perkusja: Mateusz Janowicz Kot\u0142y symfoniczne i perkusjonalia + wokal przeszkadzaj\u0105cy: Remigiusz Noco\u0144 \u00a0 \u00a0 Geneza powstania zespo\u0142u Witchen ju\u017c wkr\u00f3tce. \u00a0 \u00a0 Powered by\u00a0\u00a9Witchen A.D.\u00a0MMXXVI\u00a0\u2013 All Rights Reserved.<\/p>","protected":false},"author":2,"featured_media":0,"parent":0,"menu_order":0,"comment_status":"closed","ping_status":"closed","template":"elementor_canvas","meta":{"footnotes":""},"class_list":["post-512","page","type-page","status-publish","hentry"],"jetpack_sharing_enabled":true,"_links":{"self":[{"href":"https:\/\/witchen.art\/en\/wp-json\/wp\/v2\/pages\/512","targetHints":{"allow":["GET"]}}],"collection":[{"href":"https:\/\/witchen.art\/en\/wp-json\/wp\/v2\/pages"}],"about":[{"href":"https:\/\/witchen.art\/en\/wp-json\/wp\/v2\/types\/page"}],"author":[{"embeddable":true,"href":"https:\/\/witchen.art\/en\/wp-json\/wp\/v2\/users\/2"}],"replies":[{"embeddable":true,"href":"https:\/\/witchen.art\/en\/wp-json\/wp\/v2\/comments?post=512"}],"version-history":[{"count":53,"href":"https:\/\/witchen.art\/en\/wp-json\/wp\/v2\/pages\/512\/revisions"}],"predecessor-version":[{"id":805,"href":"https:\/\/witchen.art\/en\/wp-json\/wp\/v2\/pages\/512\/revisions\/805"}],"wp:attachment":[{"href":"https:\/\/witchen.art\/en\/wp-json\/wp\/v2\/media?parent=512"}],"curies":[{"name":"wp","href":"https:\/\/api.w.org\/{rel}","templated":true}]}}